{"id":494,"date":"2020-01-14T13:39:39","date_gmt":"2020-01-14T12:39:39","guid":{"rendered":"https:\/\/saes.sk\/?page_id=494"},"modified":"2020-11-07T14:39:15","modified_gmt":"2020-11-07T13:39:15","slug":"univerzitny-esport","status":"publish","type":"page","link":"https:\/\/saes.sk\/index.php\/o-asociacii\/univerzitny-esport\/","title":{"rendered":"Univerzitn\u00fd e-\u0161port"},"content":{"rendered":"<h4><\/h4>\n<h4><span style=\"text-decoration: underline;\"><strong>Univerzitn\u00fd e-\u0161port majster od 2020\/2021<\/strong><strong>\u00a0<\/strong><\/span><\/h4>\n<p>V septembri 2020, bola zalo\u017een\u00e1 komisia pre univerzitn\u00fd e-\u0161port pod SAE\u0160. Dan\u00e1 komisia bude rozhodova\u0165 o sp\u00f4sobe ude\u013eovania titulu \u201cUniverzitn\u00fd e-\u0161port majster\u201d pre nasleduj\u00face sez\u00f3ny.<\/p>\n<h4><span style=\"text-decoration: underline;\"><strong>Univerzitn\u00fd e-\u0161port majster 2019\/2020<\/strong><\/span><\/h4>\n<p>Titul \u201cUniverzitn\u00fd e-\u0161port majster SR\u201d v sez\u00f3nach ZS 2019\/2020 a LS 2019\/2020 udelila, prv\u00fdkr\u00e1t v hist\u00f3rii univerzitn\u00e9ho e-\u0161portu na Slovensku, \u0160tudentsk\u00e1 rada vysok\u00fdch \u0161kol (\u0160RV\u0160) v spolupr\u00e1ci so Slovenskou asoci\u00e1ciou elektronick\u00fdch \u0161portov (SAE\u0160).<\/p>\n<p>Titul bol udelen\u00fd najlep\u0161ie umiestnen\u00e9mu slovensk\u00e9mu univerzitn\u00e9mu t\u00edmu na konci ligy v 3E LEAGUE, ktor\u00fa organizuje ESA &#8211; Esport Student Association. D\u00f4vodom udelenia titulu v danej lige bola absencia inej univerzitnej e\u0161portovej ligy, ktor\u00e1 by sp\u013a\u0148ala krit\u00e9rium, aby v\u0161etci \u010dlenovia t\u00edmu reprezentovali jednu univerzitu a teda v\u0161etci s\u00fa jej \u0161tudentmi.<\/p>\n<h5>\n<strong>V\u00fdsledky za sez\u00f3nu ZS 2019\/2020:<\/strong><\/h5>\n<p>Univerzitn\u00fd e-\u0161port majster ZS 2019\/2020 v hre<strong> League of Legends<\/strong>:<\/p>\n<p>T\u00edm UKulele z Univerzity Komensk\u00e9ho v Bratislave v zlo\u017een\u00ed: Jakub \u201eRegy\u201c Lacek, Denis \u201efkjonny\u201c Kur\u010dina, Bence \u201eBooty Wurk\u201c Keszegh, Viktor \u201ehektor5\u201c \u0160kabla, Dominik \u201eTaws\u201c Cabadaj<\/p>\n<p>Univerzitn\u00fd e-\u0161port majster ZS 2019\/2020 v hre <strong>Counter Strike: Global Offensive<\/strong>:<\/p>\n<p>T\u00edm STUbaci zo Slovenskej technickej univerzity v Bratislave v zlo\u017een\u00ed: Martin \u201eStuFF\u201c Opatovsk\u00fd, Denis \u201eDANDY\u201c \u0160trb\u00e1k, Milan \u201eSYNETIC\u201c Poni\u0161t, Patrik \u201ePattricK\u201c Anderko, Viktor \u201eSibelonis\u201c Kri\u0161\u0161\u00e1k<\/p>\n<p>Univerzitn\u00fd e-\u0161port majster ZS 2019\/2020 v hre <strong>Hearthstone<\/strong>:<\/p>\n<p>Denis \u201eBajty\u201c Bajto\u0161 z Univerzity Pavla Jozefa \u0160af\u00e1rika v Ko\u0161icach<\/p>\n<h5><strong>V\u00fdsledky za sez\u00f3nu LS 2019\/2020:<\/strong><\/h5>\n<p>Univerzitn\u00fd e-\u0161port majster LS 2019\/2020 v hre <strong>League of Legends<\/strong>:<\/p>\n<p>T\u00edm UKulele z Univerzity Komensk\u00e9ho v Bratislave v zlo\u017een\u00ed: Jakub \u201eRegy\u201c Lacek, Denis \u201efkjonny\u201c Kur\u010dina, Bence \u201eBooty Wurk\u201c Keszegh, Viktor \u201ehektor5\u201c \u0160kabla, Boris \u201ediabol v hre\u201c Toman<\/p>\n<p>Univerzitn\u00fd e-\u0161port majster LS 2019\/2020 v hre <strong>Counter Strike: Global Offensive<\/strong>:<\/p>\n<p>T\u00edm Esport STUBA zo Slovenskej technickej univerzity v Bratislave v zlo\u017een\u00ed: Denis \u201eDANDY\u201c \u0160trb\u00e1k, Martin \u201eStuFF\u201c Opatovsk\u00fd, Milan \u201eSYNETIC&#8221; Poni\u0161t, Martin \u201eFragile\u201c Katkov\u010din, Patrik \u201eZero\u201c \u017d\u00fadel<\/p>\n<p>Univerzitn\u00fd e-\u0161port majster LS 2019\/2020 v hre <strong>Hearthstone<\/strong>:<\/p>\n<p>Marek \u201emareq\u201c Gajdica z Esport STUBA &#8211; Slovensk\u00e1 technick\u00e1 univerzita v Bratislave<\/p>\n","protected":false},"excerpt":{"rendered":"<p>Univerzitn\u00fd e-\u0161port majster od 2020\/2021\u00a0 V septembri 2020, bola zalo\u017een\u00e1 komisia pre univerzitn\u00fd e-\u0161port pod SAE\u0160. Dan\u00e1 komisia bude rozhodova\u0165 o sp\u00f4sobe ude\u013eovania titulu \u201cUniverzitn\u00fd e-\u0161port majster\u201d pre nasleduj\u00face sez\u00f3ny. [&hellip;]<\/p>\n","protected":false},"author":3,"featured_media":0,"parent":18,"menu_order":0,"comment_status":"closed","ping_status":"closed","template":"","meta":{"_monsterinsights_skip_tracking":false,"_monsterinsights_sitenote_active":false,"_monsterinsights_sitenote_note":"","_monsterinsights_sitenote_category":0,"footnotes":""},"_links":{"self":[{"href":"https:\/\/saes.sk\/index.php\/wp-json\/wp\/v2\/pages\/494"}],"collection":[{"href":"https:\/\/saes.sk\/index.php\/wp-json\/wp\/v2\/pages"}],"about":[{"href":"https:\/\/saes.sk\/index.php\/wp-json\/wp\/v2\/types\/page"}],"author":[{"embeddable":true,"href":"https:\/\/saes.sk\/index.php\/wp-json\/wp\/v2\/users\/3"}],"replies":[{"embeddable":true,"href":"https:\/\/saes.sk\/index.php\/wp-json\/wp\/v2\/comments?post=494"}],"version-history":[{"count":7,"href":"https:\/\/saes.sk\/index.php\/wp-json\/wp\/v2\/pages\/494\/revisions"}],"predecessor-version":[{"id":915,"href":"https:\/\/saes.sk\/index.php\/wp-json\/wp\/v2\/pages\/494\/revisions\/915"}],"up":[{"embeddable":true,"href":"https:\/\/saes.sk\/index.php\/wp-json\/wp\/v2\/pages\/18"}],"wp:attachment":[{"href":"https:\/\/saes.sk\/index.php\/wp-json\/wp\/v2\/media?parent=494"}],"curies":[{"name":"wp","href":"https:\/\/api.w.org\/{rel}","templated":true}]}}